{"id":12034,"date":"2024-11-12T11:25:45","date_gmt":"2024-11-12T10:25:45","guid":{"rendered":"https:\/\/hfp-bandstahl.com\/ausbildung-formular-test\/"},"modified":"2024-11-12T12:04:51","modified_gmt":"2024-11-12T11:04:51","slug":"ausbildung-formular-test","status":"publish","type":"page","link":"https:\/\/hfp-bandstahl.com\/fr\/ausbildung-formular-test\/","title":{"rendered":"Ausbildung Formular Test"},"content":{"rendered":"<div class=\"gb-container gb-container-1133d97c\">\n<div class=\"gb-container gb-container-65a497f4\">\n\n<div class=\"wpcf7 no-js\" id=\"wpcf7-f12030-o1\" lang=\"fr-FR\" dir=\"ltr\">\n<div class=\"screen-reader-response\"><p role=\"status\" aria-live=\"polite\" aria-atomic=\"true\"><\/p> <ul><\/ul><\/div>\n<form action=\"\/fr\/wp-json\/wp\/v2\/pages\/12034#wpcf7-f12030-o1\" method=\"post\" class=\"wpcf7-form init\" aria-label=\"Formulaire de contact\" novalidate=\"novalidate\" data-status=\"init\">\n<div style=\"display: none;\">\n<input type=\"hidden\" name=\"_wpcf7\" value=\"12030\" \/>\n<input type=\"hidden\" name=\"_wpcf7_version\" value=\"5.9.5\" \/>\n<input type=\"hidden\" name=\"_wpcf7_locale\" value=\"fr_FR\" \/>\n<input type=\"hidden\" name=\"_wpcf7_unit_tag\" value=\"wpcf7-f12030-o1\" \/>\n<input type=\"hidden\" name=\"_wpcf7_container_post\" value=\"0\" \/>\n<input type=\"hidden\" name=\"_wpcf7_posted_data_hash\" value=\"\" \/>\n<\/div>\n<div class=\"form-fields form-fields-2\">\n<div class=\"form-field\"><label>Pr\u00e9nom*<\/label><span class=\"wpcf7-form-control-wrap\" data-name=\"fname\"><input size=\"40\" class=\"wpcf7-form-control wpcf7-text wpcf7-validates-as-required\" aria-required=\"true\" aria-invalid=\"false\" value=\"\" type=\"text\" name=\"fname\" \/><\/span><\/div>\n<div class=\"form-field\"><label>Nom*<\/label><span class=\"wpcf7-form-control-wrap\" data-name=\"lname\"><input size=\"40\" class=\"wpcf7-form-control wpcf7-text wpcf7-validates-as-required\" aria-required=\"true\" aria-invalid=\"false\" value=\"\" type=\"text\" name=\"lname\" \/><\/span><\/div>\n<\/div>\n<div class=\"form-fields form-fields-2\">\n<div class=\"form-field\"><label>T\u00e9l\u00e9phone<\/label><span class=\"wpcf7-form-control-wrap\" data-name=\"phone\"><input size=\"40\" class=\"wpcf7-form-control wpcf7-text\" aria-invalid=\"false\" value=\"\" type=\"text\" name=\"phone\" \/><\/span><\/div>\n<div class=\"form-field\"><label>E-mail*<\/label><span class=\"wpcf7-form-control-wrap\" data-name=\"mail\"><input size=\"40\" class=\"wpcf7-form-control wpcf7-email wpcf7-validates-as-required wpcf7-text wpcf7-validates-as-email\" aria-required=\"true\" aria-invalid=\"false\" value=\"\" type=\"email\" name=\"mail\" \/><\/span><\/div>\n<\/div>\n\n<span class=\"form-headline\">D\u00e9tails de la candidature<\/span>\n<div class=\"form-upload\" style=\"margin: 10px 0 20px 0;\">\n<span>Veuillez nous envoyer votre dossier de candidature complet par e-mail. Nous n'acceptons que les fichiers PDF en tant que pi\u00e8ces jointes. Les candidatures avec des fichiers joints d'autres formats tels que .doc, .docx, xls, xlsx, etc. ne seront pas accept\u00e9es et seront supprim\u00e9es sans commentaire.  <br>Formats : .pdf  <br>Taille : max. 15 mb<\/span>\n<\/div>\n<div class=\"form-uploadbutton\"><span class=\"wpcf7-form-control-wrap\" data-name=\"upload\"><input size=\"40\" class=\"wpcf7-form-control wpcf7-drag-n-drop-file d-none\" aria-required=\"true\" aria-invalid=\"false\" type=\"file\" multiple=\"multiple\" data-name=\"upload\" data-type=\"pdf\" data-limit=\"150000000\" data-min=\"1\" data-max=\"5\" data-id=\"12030\" data-version=\"free version 1.3.7.9\" accept=\".pdf\" \/><\/span><\/div>\n\n<span class=\"required\">Les champs marqu\u00e9s d'un * sont obligatoires.<\/span>\n\n<div class=\"form-privacy\" style=\"margin-bottom: 20px;\"><span class=\"wpcf7-form-control-wrap\" data-name=\"dsappl\"><span class=\"wpcf7-form-control wpcf7-acceptance\"><span class=\"wpcf7-list-item\"><input type=\"checkbox\" name=\"dsappl\" value=\"1\" aria-invalid=\"false\" \/><\/span><\/span><\/span><span class=\"privacy-policy-note\">Par la pr\u00e9sente, j'accepte que le HFP Bandstahl enregistre les donn\u00e9es de candidature que j'ai transmises afin de pouvoir me recommander des offres d'emploi appropri\u00e9es. Je trouve mes droits dans la <a href=\"\/rechtliches\/datenschutz\/\" target=\"_blank\">politique de confidentialit\u00e9<\/a>. Je peux r\u00e9voquer ce consentement \u00e0 tout moment. J'adresse ma r\u00e9vocation par e-mail \u00e0 <a href=\"mailto:personal@hfp-bandstahl.de\">personal@hfp-bandstahl.de.<\/a><\/span><\/div>\n\n<div class=\"form-fields form-footer\">\n<div class=\"form-privacy\"><span class=\"wpcf7-form-control-wrap\" data-name=\"ds\"><span class=\"wpcf7-form-control wpcf7-acceptance\"><span class=\"wpcf7-list-item\"><input type=\"checkbox\" name=\"ds\" value=\"1\" aria-invalid=\"false\" \/><\/span><\/span><\/span><span class=\"privacy-policy-note\">J'accepte les <a href=\"\/fr\/mentions-legales\/protection-des-donnees\/\" target=\"_blank\">dispositions relatives \u00e0 la protection des donn\u00e9es<\/a>.<\/span><\/div>\n\n<span id=\"wpcf7-69f3d4b72b1ae-wrapper\" class=\"wpcf7-form-control-wrap email-address-wrap\" style=\"display:none !important; visibility:hidden !important;\"><input type=\"hidden\" name=\"email-address-time-start\" value=\"1777587383\"><input type=\"hidden\" name=\"email-address-time-check\" value=\"2\"><label for=\"wpcf7-69f3d4b72b1ae-field\" class=\"hp-message\">email-address<\/label><input id=\"wpcf7-69f3d4b72b1ae-field\"  class=\"wpcf7-form-control wpcf7-text\" type=\"text\" name=\"email-address\" value=\"\" size=\"40\" tabindex=\"-1\" autocomplete=\"off\" \/><\/span>\n<div class=\"form-submit\"><button id=\"submit\" class=\"wpcf7-form-control wpcf7-submit\">Envoyer<\/button><\/div>\n<\/div><div class=\"wpcf7-response-output\" aria-hidden=\"true\"><\/div>\n<\/form>\n<\/div>\n\n\n<\/div>\n<\/div>","protected":false},"excerpt":{"rendered":"","protected":false},"author":1,"featured_media":0,"parent":0,"menu_order":0,"comment_status":"closed","ping_status":"closed","template":"","meta":{"_acf_changed":false,"footnotes":""},"class_list":["post-12034","page","type-page","status-publish"],"acf":[],"yoast_head":"<!-- This site is optimized with the Yoast SEO plugin v22.9 - https:\/\/yoast.com\/wordpress\/plugins\/seo\/ -->\n<title>Ausbildung Formular Test - HFP Bandstahl<\/title>\n<meta name=\"robots\" content=\"index, follow, max-snippet:-1, max-image-preview:large, max-video-preview:-1\" \/>\n<link rel=\"canonical\" href=\"https:\/\/hfp-bandstahl.com\/fr\/ausbildung-formular-test\/\" \/>\n<meta property=\"og:locale\" content=\"fr_FR\" \/>\n<meta property=\"og:type\" content=\"article\" \/>\n<meta property=\"og:title\" content=\"Ausbildung Formular Test - HFP Bandstahl\" \/>\n<meta property=\"og:url\" content=\"https:\/\/hfp-bandstahl.com\/fr\/ausbildung-formular-test\/\" \/>\n<meta property=\"og:site_name\" content=\"HFP Bandstahl\" \/>\n<meta property=\"article:modified_time\" content=\"2024-11-12T11:04:51+00:00\" \/>\n<meta name=\"twitter:card\" content=\"summary_large_image\" \/>\n<script type=\"application\/ld+json\" class=\"yoast-schema-graph\">{\"@context\":\"https:\/\/schema.org\",\"@graph\":[{\"@type\":\"WebPage\",\"@id\":\"https:\/\/hfp-bandstahl.com\/fr\/ausbildung-formular-test\/\",\"url\":\"https:\/\/hfp-bandstahl.com\/fr\/ausbildung-formular-test\/\",\"name\":\"Ausbildung Formular Test - HFP Bandstahl\",\"isPartOf\":{\"@id\":\"https:\/\/hfp-bandstahl.com\/#website\"},\"datePublished\":\"2024-11-12T10:25:45+00:00\",\"dateModified\":\"2024-11-12T11:04:51+00:00\",\"breadcrumb\":{\"@id\":\"https:\/\/hfp-bandstahl.com\/fr\/ausbildung-formular-test\/#breadcrumb\"},\"inLanguage\":\"fr-FR\",\"potentialAction\":[{\"@type\":\"ReadAction\",\"target\":[\"https:\/\/hfp-bandstahl.com\/fr\/ausbildung-formular-test\/\"]}]},{\"@type\":\"BreadcrumbList\",\"@id\":\"https:\/\/hfp-bandstahl.com\/fr\/ausbildung-formular-test\/#breadcrumb\",\"itemListElement\":[{\"@type\":\"ListItem\",\"position\":1,\"name\":\"Startseite\",\"item\":\"https:\/\/hfp-bandstahl.com\/\"},{\"@type\":\"ListItem\",\"position\":2,\"name\":\"Ausbildung Formular Test\"}]},{\"@type\":\"WebSite\",\"@id\":\"https:\/\/hfp-bandstahl.com\/#website\",\"url\":\"https:\/\/hfp-bandstahl.com\/\",\"name\":\"HFP Bandstahl\",\"description\":\"\",\"publisher\":{\"@id\":\"https:\/\/hfp-bandstahl.com\/#organization\"},\"potentialAction\":[{\"@type\":\"SearchAction\",\"target\":{\"@type\":\"EntryPoint\",\"urlTemplate\":\"https:\/\/hfp-bandstahl.com\/?s={search_term_string}\"},\"query-input\":\"required name=search_term_string\"}],\"inLanguage\":\"fr-FR\"},{\"@type\":\"Organization\",\"@id\":\"https:\/\/hfp-bandstahl.com\/#organization\",\"name\":\"HFP Bandstahl\",\"url\":\"https:\/\/hfp-bandstahl.com\/\",\"logo\":{\"@type\":\"ImageObject\",\"inLanguage\":\"fr-FR\",\"@id\":\"https:\/\/hfp-bandstahl.com\/#\/schema\/logo\/image\/\",\"url\":\"https:\/\/hfp-bandstahl.com\/wp-content\/uploads\/hue_bm_hfp_bandstahl_full_pos_rgb.png\",\"contentUrl\":\"https:\/\/hfp-bandstahl.com\/wp-content\/uploads\/hue_bm_hfp_bandstahl_full_pos_rgb.png\",\"width\":1531,\"height\":391,\"caption\":\"HFP Bandstahl\"},\"image\":{\"@id\":\"https:\/\/hfp-bandstahl.com\/#\/schema\/logo\/image\/\"}}]}<\/script>\n<!-- \/ Yoast SEO plugin. -->","yoast_head_json":{"title":"Ausbildung Formular Test - HFP Bandstahl","robots":{"index":"index","follow":"follow","max-snippet":"max-snippet:-1","max-image-preview":"max-image-preview:large","max-video-preview":"max-video-preview:-1"},"canonical":"https:\/\/hfp-bandstahl.com\/fr\/ausbildung-formular-test\/","og_locale":"fr_FR","og_type":"article","og_title":"Ausbildung Formular Test - HFP Bandstahl","og_url":"https:\/\/hfp-bandstahl.com\/fr\/ausbildung-formular-test\/","og_site_name":"HFP Bandstahl","article_modified_time":"2024-11-12T11:04:51+00:00","twitter_card":"summary_large_image","schema":{"@context":"https:\/\/schema.org","@graph":[{"@type":"WebPage","@id":"https:\/\/hfp-bandstahl.com\/fr\/ausbildung-formular-test\/","url":"https:\/\/hfp-bandstahl.com\/fr\/ausbildung-formular-test\/","name":"Ausbildung Formular Test - HFP Bandstahl","isPartOf":{"@id":"https:\/\/hfp-bandstahl.com\/#website"},"datePublished":"2024-11-12T10:25:45+00:00","dateModified":"2024-11-12T11:04:51+00:00","breadcrumb":{"@id":"https:\/\/hfp-bandstahl.com\/fr\/ausbildung-formular-test\/#breadcrumb"},"inLanguage":"fr-FR","potentialAction":[{"@type":"ReadAction","target":["https:\/\/hfp-bandstahl.com\/fr\/ausbildung-formular-test\/"]}]},{"@type":"BreadcrumbList","@id":"https:\/\/hfp-bandstahl.com\/fr\/ausbildung-formular-test\/#breadcrumb","itemListElement":[{"@type":"ListItem","position":1,"name":"Startseite","item":"https:\/\/hfp-bandstahl.com\/"},{"@type":"ListItem","position":2,"name":"Ausbildung Formular Test"}]},{"@type":"WebSite","@id":"https:\/\/hfp-bandstahl.com\/#website","url":"https:\/\/hfp-bandstahl.com\/","name":"HFP Bandstahl","description":"","publisher":{"@id":"https:\/\/hfp-bandstahl.com\/#organization"},"potentialAction":[{"@type":"SearchAction","target":{"@type":"EntryPoint","urlTemplate":"https:\/\/hfp-bandstahl.com\/?s={search_term_string}"},"query-input":"required name=search_term_string"}],"inLanguage":"fr-FR"},{"@type":"Organization","@id":"https:\/\/hfp-bandstahl.com\/#organization","name":"HFP Bandstahl","url":"https:\/\/hfp-bandstahl.com\/","logo":{"@type":"ImageObject","inLanguage":"fr-FR","@id":"https:\/\/hfp-bandstahl.com\/#\/schema\/logo\/image\/","url":"https:\/\/hfp-bandstahl.com\/wp-content\/uploads\/hue_bm_hfp_bandstahl_full_pos_rgb.png","contentUrl":"https:\/\/hfp-bandstahl.com\/wp-content\/uploads\/hue_bm_hfp_bandstahl_full_pos_rgb.png","width":1531,"height":391,"caption":"HFP Bandstahl"},"image":{"@id":"https:\/\/hfp-bandstahl.com\/#\/schema\/logo\/image\/"}}]}},"_links":{"self":[{"href":"https:\/\/hfp-bandstahl.com\/fr\/wp-json\/wp\/v2\/pages\/12034","targetHints":{"allow":["GET"]}}],"collection":[{"href":"https:\/\/hfp-bandstahl.com\/fr\/wp-json\/wp\/v2\/pages"}],"about":[{"href":"https:\/\/hfp-bandstahl.com\/fr\/wp-json\/wp\/v2\/types\/page"}],"author":[{"embeddable":true,"href":"https:\/\/hfp-bandstahl.com\/fr\/wp-json\/wp\/v2\/users\/1"}],"replies":[{"embeddable":true,"href":"https:\/\/hfp-bandstahl.com\/fr\/wp-json\/wp\/v2\/comments?post=12034"}],"version-history":[{"count":1,"href":"https:\/\/hfp-bandstahl.com\/fr\/wp-json\/wp\/v2\/pages\/12034\/revisions"}],"predecessor-version":[{"id":12044,"href":"https:\/\/hfp-bandstahl.com\/fr\/wp-json\/wp\/v2\/pages\/12034\/revisions\/12044"}],"wp:attachment":[{"href":"https:\/\/hfp-bandstahl.com\/fr\/wp-json\/wp\/v2\/media?parent=12034"}],"curies":[{"name":"wp","href":"https:\/\/api.w.org\/{rel}","templated":true}]}}