{"id":12036,"date":"2024-11-12T11:25:45","date_gmt":"2024-11-12T10:25:45","guid":{"rendered":"https:\/\/hfp-bandstahl.com\/ausbildung-formular-test\/"},"modified":"2024-11-12T12:20:51","modified_gmt":"2024-11-12T11:20:51","slug":"ausbildung-formular-test","status":"publish","type":"page","link":"https:\/\/hfp-bandstahl.com\/es\/ausbildung-formular-test\/","title":{"rendered":"Ausbildung Formular Test"},"content":{"rendered":"<div class=\"gb-container gb-container-1133d97c\">\n<div class=\"gb-container gb-container-65a497f4\">\n\n<div class=\"wpcf7 no-js\" id=\"wpcf7-f12032-o1\" lang=\"es-ES\" dir=\"ltr\">\n<div class=\"screen-reader-response\"><p role=\"status\" aria-live=\"polite\" aria-atomic=\"true\"><\/p> <ul><\/ul><\/div>\n<form action=\"\/es\/wp-json\/wp\/v2\/pages\/12036#wpcf7-f12032-o1\" method=\"post\" class=\"wpcf7-form init\" aria-label=\"Formulario de contacto\" novalidate=\"novalidate\" data-status=\"init\">\n<div style=\"display: none;\">\n<input type=\"hidden\" name=\"_wpcf7\" value=\"12032\" \/>\n<input type=\"hidden\" name=\"_wpcf7_version\" value=\"5.9.5\" \/>\n<input type=\"hidden\" name=\"_wpcf7_locale\" value=\"es_ES\" \/>\n<input type=\"hidden\" name=\"_wpcf7_unit_tag\" value=\"wpcf7-f12032-o1\" \/>\n<input type=\"hidden\" name=\"_wpcf7_container_post\" value=\"0\" \/>\n<input type=\"hidden\" name=\"_wpcf7_posted_data_hash\" value=\"\" \/>\n<\/div>\n<div class=\"form-fields form-fields-2\">\n<div class=\"form-field\"><label>Nombre<\/label><span class=\"wpcf7-form-control-wrap\" data-name=\"fname\"><input size=\"40\" class=\"wpcf7-form-control wpcf7-text wpcf7-validates-as-required\" aria-required=\"true\" aria-invalid=\"false\" value=\"\" type=\"text\" name=\"fname\" \/><\/span><\/div>\n<div class=\"form-field\"><label>Nombre<\/label><span class=\"wpcf7-form-control-wrap\" data-name=\"lname\"><input size=\"40\" class=\"wpcf7-form-control wpcf7-text wpcf7-validates-as-required\" aria-required=\"true\" aria-invalid=\"false\" value=\"\" type=\"text\" name=\"lname\" \/><\/span><\/div>\n<\/div>\n<div class=\"form-fields form-fields-2\">\n<div class=\"form-field\"><label>Tel\u00e9fono<\/label><span class=\"wpcf7-form-control-wrap\" data-name=\"phone\"><input size=\"40\" class=\"wpcf7-form-control wpcf7-text\" aria-invalid=\"false\" value=\"\" type=\"text\" name=\"phone\" \/><\/span><\/div>\n<div class=\"form-field\"><label>Correo electr\u00f3nico<\/label><span class=\"wpcf7-form-control-wrap\" data-name=\"mail\"><input size=\"40\" class=\"wpcf7-form-control wpcf7-email wpcf7-validates-as-required wpcf7-text wpcf7-validates-as-email\" aria-required=\"true\" aria-invalid=\"false\" value=\"\" type=\"email\" name=\"mail\" \/><\/span><\/div>\n<\/div>\n\n<span class=\"form-headline\">Detalles de la solicitud<\/span>\n<div class=\"form-upload\" style=\"margin: 10px 0 20px 0;\">\n<span>Env\u00edenos la documentaci\u00f3n completa de su solicitud por correo electr\u00f3nico. S\u00f3lo aceptamos archivos PDF como archivos adjuntos. Las solicitudes con archivos adjuntos en otros formatos, como .doc, .docx, xls, xlsx, etc., no se aceptar\u00e1n y se eliminar\u00e1n sin comentarios.  <br>Formatos: .pdf  <br>Tama\u00f1o: m\u00e1x. 15 mb<\/span>\n<\/div>\n<div class=\"form-uploadbutton\"><span class=\"wpcf7-form-control-wrap\" data-name=\"upload\"><input size=\"40\" class=\"wpcf7-form-control wpcf7-drag-n-drop-file d-none\" aria-required=\"true\" aria-invalid=\"false\" type=\"file\" multiple=\"multiple\" data-name=\"upload\" data-type=\"pdf\" data-limit=\"150000000\" data-min=\"1\" data-max=\"5\" data-id=\"12032\" data-version=\"free version 1.3.7.9\" accept=\".pdf\" \/><\/span><\/div>\n\n<span class=\"required\">Los campos marcados con * son obligatorios.<\/span>\n\n<div class=\"form-privacy\" style=\"margin-bottom: 20px;\"><span class=\"wpcf7-form-control-wrap\" data-name=\"dsappl\"><span class=\"wpcf7-form-control wpcf7-acceptance\"><span class=\"wpcf7-list-item\"><input type=\"checkbox\" name=\"dsappl\" value=\"1\" aria-invalid=\"false\" \/><\/span><\/span><\/span><span class=\"privacy-policy-note\">Doy mi consentimiento para que el Grupo HUEHOCO almacene los datos de mi candidatura para poder recomendarme ofertas de empleo adecuadas. Puedo consultar mis derechos en la <a href=\"\/rechtliches\/datenschutz\/\" target=\"_blank\">pol\u00edtica de privacidad<\/a>. Puedo revocar este consentimiento en cualquier momento. Enviar\u00e9 la revocaci\u00f3n por correo electr\u00f3nico a <a href=\"mailto:personal@hfp-bandstahl.de\">personal@hfp-bandstahl.de.<\/a><\/span><\/div>\n\n<div class=\"form-fields form-footer\">\n<div class=\"form-privacy\"><span class=\"wpcf7-form-control-wrap\" data-name=\"ds\"><span class=\"wpcf7-form-control wpcf7-acceptance\"><span class=\"wpcf7-list-item\"><input type=\"checkbox\" name=\"ds\" value=\"1\" aria-invalid=\"false\" \/><\/span><\/span><\/span><span class=\"privacy-policy-note\">Acepto la <a href=\"\/es\/legal\/proteccion-de-datos\/\" target=\"_blank\">pol\u00edtica de privacidad.<\/a><\/span><\/div>\n\n<span id=\"wpcf7-69dfc2e026b77-wrapper\" class=\"wpcf7-form-control-wrap email-address-wrap\" style=\"display:none !important; visibility:hidden !important;\"><input type=\"hidden\" name=\"email-address-time-start\" value=\"1776272096\"><input type=\"hidden\" name=\"email-address-time-check\" value=\"2\"><label for=\"wpcf7-69dfc2e026b77-field\" class=\"hp-message\">email-address<\/label><input id=\"wpcf7-69dfc2e026b77-field\"  class=\"wpcf7-form-control wpcf7-text\" type=\"text\" name=\"email-address\" value=\"\" size=\"40\" tabindex=\"-1\" autocomplete=\"off\" \/><\/span>\n<div class=\"form-submit\"><button id=\"submit\" class=\"wpcf7-form-control wpcf7-submit\">Enviar<\/button><\/div>\n<\/div><div class=\"wpcf7-response-output\" aria-hidden=\"true\"><\/div>\n<\/form>\n<\/div>\n\n\n<\/div>\n<\/div>","protected":false},"excerpt":{"rendered":"","protected":false},"author":1,"featured_media":0,"parent":0,"menu_order":0,"comment_status":"closed","ping_status":"closed","template":"","meta":{"_acf_changed":false,"footnotes":""},"class_list":["post-12036","page","type-page","status-publish"],"acf":[],"yoast_head":"<!-- This site is optimized with the Yoast SEO plugin v22.9 - https:\/\/yoast.com\/wordpress\/plugins\/seo\/ -->\n<title>Ausbildung Formular Test - HFP Bandstahl<\/title>\n<meta name=\"robots\" content=\"index, follow, max-snippet:-1, max-image-preview:large, max-video-preview:-1\" \/>\n<link rel=\"canonical\" href=\"https:\/\/hfp-bandstahl.com\/es\/ausbildung-formular-test\/\" \/>\n<meta property=\"og:locale\" content=\"es_ES\" \/>\n<meta property=\"og:type\" content=\"article\" \/>\n<meta property=\"og:title\" content=\"Ausbildung Formular Test - HFP Bandstahl\" \/>\n<meta property=\"og:url\" content=\"https:\/\/hfp-bandstahl.com\/es\/ausbildung-formular-test\/\" \/>\n<meta property=\"og:site_name\" content=\"HFP Bandstahl\" \/>\n<meta property=\"article:modified_time\" content=\"2024-11-12T11:20:51+00:00\" \/>\n<meta name=\"twitter:card\" content=\"summary_large_image\" \/>\n<script type=\"application\/ld+json\" class=\"yoast-schema-graph\">{\"@context\":\"https:\/\/schema.org\",\"@graph\":[{\"@type\":\"WebPage\",\"@id\":\"https:\/\/hfp-bandstahl.com\/es\/ausbildung-formular-test\/\",\"url\":\"https:\/\/hfp-bandstahl.com\/es\/ausbildung-formular-test\/\",\"name\":\"Ausbildung Formular Test - HFP Bandstahl\",\"isPartOf\":{\"@id\":\"https:\/\/hfp-bandstahl.com\/#website\"},\"datePublished\":\"2024-11-12T10:25:45+00:00\",\"dateModified\":\"2024-11-12T11:20:51+00:00\",\"breadcrumb\":{\"@id\":\"https:\/\/hfp-bandstahl.com\/es\/ausbildung-formular-test\/#breadcrumb\"},\"inLanguage\":\"es\",\"potentialAction\":[{\"@type\":\"ReadAction\",\"target\":[\"https:\/\/hfp-bandstahl.com\/es\/ausbildung-formular-test\/\"]}]},{\"@type\":\"BreadcrumbList\",\"@id\":\"https:\/\/hfp-bandstahl.com\/es\/ausbildung-formular-test\/#breadcrumb\",\"itemListElement\":[{\"@type\":\"ListItem\",\"position\":1,\"name\":\"Startseite\",\"item\":\"https:\/\/hfp-bandstahl.com\/\"},{\"@type\":\"ListItem\",\"position\":2,\"name\":\"Ausbildung Formular Test\"}]},{\"@type\":\"WebSite\",\"@id\":\"https:\/\/hfp-bandstahl.com\/#website\",\"url\":\"https:\/\/hfp-bandstahl.com\/\",\"name\":\"HFP Bandstahl\",\"description\":\"\",\"publisher\":{\"@id\":\"https:\/\/hfp-bandstahl.com\/#organization\"},\"potentialAction\":[{\"@type\":\"SearchAction\",\"target\":{\"@type\":\"EntryPoint\",\"urlTemplate\":\"https:\/\/hfp-bandstahl.com\/?s={search_term_string}\"},\"query-input\":\"required name=search_term_string\"}],\"inLanguage\":\"es\"},{\"@type\":\"Organization\",\"@id\":\"https:\/\/hfp-bandstahl.com\/#organization\",\"name\":\"HFP Bandstahl\",\"url\":\"https:\/\/hfp-bandstahl.com\/\",\"logo\":{\"@type\":\"ImageObject\",\"inLanguage\":\"es\",\"@id\":\"https:\/\/hfp-bandstahl.com\/#\/schema\/logo\/image\/\",\"url\":\"https:\/\/hfp-bandstahl.com\/wp-content\/uploads\/hue_bm_hfp_bandstahl_full_pos_rgb.png\",\"contentUrl\":\"https:\/\/hfp-bandstahl.com\/wp-content\/uploads\/hue_bm_hfp_bandstahl_full_pos_rgb.png\",\"width\":1531,\"height\":391,\"caption\":\"HFP Bandstahl\"},\"image\":{\"@id\":\"https:\/\/hfp-bandstahl.com\/#\/schema\/logo\/image\/\"}}]}<\/script>\n<!-- \/ Yoast SEO plugin. -->","yoast_head_json":{"title":"Ausbildung Formular Test - HFP Bandstahl","robots":{"index":"index","follow":"follow","max-snippet":"max-snippet:-1","max-image-preview":"max-image-preview:large","max-video-preview":"max-video-preview:-1"},"canonical":"https:\/\/hfp-bandstahl.com\/es\/ausbildung-formular-test\/","og_locale":"es_ES","og_type":"article","og_title":"Ausbildung Formular Test - HFP Bandstahl","og_url":"https:\/\/hfp-bandstahl.com\/es\/ausbildung-formular-test\/","og_site_name":"HFP Bandstahl","article_modified_time":"2024-11-12T11:20:51+00:00","twitter_card":"summary_large_image","schema":{"@context":"https:\/\/schema.org","@graph":[{"@type":"WebPage","@id":"https:\/\/hfp-bandstahl.com\/es\/ausbildung-formular-test\/","url":"https:\/\/hfp-bandstahl.com\/es\/ausbildung-formular-test\/","name":"Ausbildung Formular Test - HFP Bandstahl","isPartOf":{"@id":"https:\/\/hfp-bandstahl.com\/#website"},"datePublished":"2024-11-12T10:25:45+00:00","dateModified":"2024-11-12T11:20:51+00:00","breadcrumb":{"@id":"https:\/\/hfp-bandstahl.com\/es\/ausbildung-formular-test\/#breadcrumb"},"inLanguage":"es","potentialAction":[{"@type":"ReadAction","target":["https:\/\/hfp-bandstahl.com\/es\/ausbildung-formular-test\/"]}]},{"@type":"BreadcrumbList","@id":"https:\/\/hfp-bandstahl.com\/es\/ausbildung-formular-test\/#breadcrumb","itemListElement":[{"@type":"ListItem","position":1,"name":"Startseite","item":"https:\/\/hfp-bandstahl.com\/"},{"@type":"ListItem","position":2,"name":"Ausbildung Formular Test"}]},{"@type":"WebSite","@id":"https:\/\/hfp-bandstahl.com\/#website","url":"https:\/\/hfp-bandstahl.com\/","name":"HFP Bandstahl","description":"","publisher":{"@id":"https:\/\/hfp-bandstahl.com\/#organization"},"potentialAction":[{"@type":"SearchAction","target":{"@type":"EntryPoint","urlTemplate":"https:\/\/hfp-bandstahl.com\/?s={search_term_string}"},"query-input":"required name=search_term_string"}],"inLanguage":"es"},{"@type":"Organization","@id":"https:\/\/hfp-bandstahl.com\/#organization","name":"HFP Bandstahl","url":"https:\/\/hfp-bandstahl.com\/","logo":{"@type":"ImageObject","inLanguage":"es","@id":"https:\/\/hfp-bandstahl.com\/#\/schema\/logo\/image\/","url":"https:\/\/hfp-bandstahl.com\/wp-content\/uploads\/hue_bm_hfp_bandstahl_full_pos_rgb.png","contentUrl":"https:\/\/hfp-bandstahl.com\/wp-content\/uploads\/hue_bm_hfp_bandstahl_full_pos_rgb.png","width":1531,"height":391,"caption":"HFP Bandstahl"},"image":{"@id":"https:\/\/hfp-bandstahl.com\/#\/schema\/logo\/image\/"}}]}},"_links":{"self":[{"href":"https:\/\/hfp-bandstahl.com\/es\/wp-json\/wp\/v2\/pages\/12036","targetHints":{"allow":["GET"]}}],"collection":[{"href":"https:\/\/hfp-bandstahl.com\/es\/wp-json\/wp\/v2\/pages"}],"about":[{"href":"https:\/\/hfp-bandstahl.com\/es\/wp-json\/wp\/v2\/types\/page"}],"author":[{"embeddable":true,"href":"https:\/\/hfp-bandstahl.com\/es\/wp-json\/wp\/v2\/users\/1"}],"replies":[{"embeddable":true,"href":"https:\/\/hfp-bandstahl.com\/es\/wp-json\/wp\/v2\/comments?post=12036"}],"version-history":[{"count":1,"href":"https:\/\/hfp-bandstahl.com\/es\/wp-json\/wp\/v2\/pages\/12036\/revisions"}],"predecessor-version":[{"id":12046,"href":"https:\/\/hfp-bandstahl.com\/es\/wp-json\/wp\/v2\/pages\/12036\/revisions\/12046"}],"wp:attachment":[{"href":"https:\/\/hfp-bandstahl.com\/es\/wp-json\/wp\/v2\/media?parent=12036"}],"curies":[{"name":"wp","href":"https:\/\/api.w.org\/{rel}","templated":true}]}}